{"id":147,"date":"2022-03-03T17:44:51","date_gmt":"2022-03-03T17:44:51","guid":{"rendered":"https:\/\/discotecaanaconda.com\/?page_id=147"},"modified":"2022-03-03T17:46:28","modified_gmt":"2022-03-03T17:46:28","slug":"empleo","status":"publish","type":"page","link":"https:\/\/discotecaanaconda.com\/index.php\/empleo\/","title":{"rendered":"Empleo"},"content":{"rendered":"<div data-colibri-id=\"147-c1\" class=\"style-385 style-local-147-c1 position-relative\">\n  <!---->\n  <div data-colibri-component=\"section\" data-colibri-id=\"147-c20\" id=\"about\" class=\"h-section h-section-global-spacing d-flex align-items-lg-center align-items-md-center align-items-center style-393 style-local-147-c20 position-relative\">\n    <!---->\n    <!---->\n    <div class=\"h-section-grid-container h-section-boxed-container\">\n      <!---->\n      <div data-colibri-id=\"147-c21\" class=\"h-row-container gutters-row-lg-0 gutters-row-md-0 gutters-row-0 gutters-row-v-lg-0 gutters-row-v-md-0 gutters-row-v-0 style-394 style-local-147-c21 position-relative\">\n        <!---->\n        <div class=\"h-row justify-content-lg-center justify-content-md-center justify-content-center align-items-lg-stretch align-items-md-stretch align-items-stretch gutters-col-lg-0 gutters-col-md-0 gutters-col-0 gutters-col-v-lg-0 gutters-col-v-md-0 gutters-col-v-0\">\n          <!---->\n          <div class=\"h-column h-column-container d-flex h-col-lg-auto h-col-md-auto h-col-auto style-395-outer style-local-147-c22-outer\">\n            <div data-colibri-id=\"147-c22\" class=\"d-flex h-flex-basis h-column__inner h-px-lg-0 h-px-md-0 h-px-0 v-inner-lg-0 v-inner-md-0 v-inner-0 style-395 style-local-147-c22 position-relative\">\n              <!---->\n              <!---->\n              <div class=\"w-100 h-y-container h-column__content h-column__v-align flex-basis-100 align-self-lg-start align-self-md-start align-self-start\">\n                <!---->\n                <div data-colibri-id=\"147-c23\" class=\"h-global-transition-all h-heading style-396 style-local-147-c23 position-relative h-element\">\n                  <!---->\n                  <div class=\"h-heading__outer style-396 style-local-147-c23\">\n                    <!---->\n                    <!---->\n                    <h5 class=\"\">BUSCAS EMPLEO<\/h5>\n                  <\/div>\n                <\/div>\n                <div data-colibri-id=\"147-c24\" class=\"h-text h-text-component style-397 style-local-147-c24 position-relative h-element\">\n                  <!---->\n                  <!---->\n                  <div class=\"\">\n                    <p>EMPLEO<\/p>\n                    <p>\n                      <br>\n                    <\/p>\n                    <p>Nombre<\/p>\n                    <p>Email<\/p>\n                    <p>Tel\u00e9fono<\/p>\n                    <p>\n                      <br>\n                    <\/p>\n                    <p>Relaciones P\u00fablicas<\/p>\n                    <p>Ning\u00fan archivo seleccionado <\/p>\n                    <p>Ning\u00fan archivo seleccionado <\/p>\n                    <p>\n                      <br>\n                    <\/p>\n                  <\/div>\n                <\/div>\n              <\/div>\n            <\/div>\n          <\/div>\n          <div class=\"h-column h-column-container d-flex h-col-lg-auto h-col-md-auto h-col-auto style-398-outer style-local-147-c25-outer\">\n            <div data-colibri-id=\"147-c25\" class=\"d-flex h-flex-basis h-column__inner h-ui-empty-state-container h-px-lg-2 h-px-md-2 h-px-2 v-inner-lg-2 v-inner-md-2 v-inner-2 style-398 style-local-147-c25 position-relative\">\n              <!---->\n              <!---->\n              <div class=\"w-100 h-y-container h-column__content h-column__v-align flex-basis-100\">\n                <!---->\n              <\/div>\n            <\/div>\n          <\/div>\n        <\/div>\n      <\/div>\n    <\/div>\n  <\/div>\n<\/div>","protected":false},"excerpt":{"rendered":"<p>BUSCAS EMPLEO EMPLEO Nombre Email Tel\u00e9fono Relaciones P\u00fablicas Ning\u00fan archivo seleccionado Ning\u00fan archivo seleccionado<\/p>\n","protected":false},"author":1,"featured_media":0,"parent":0,"menu_order":0,"comment_status":"closed","ping_status":"closed","template":"page-templates\/homepage.php","meta":{"footnotes":""},"class_list":["post-147","page","type-page","status-publish","hentry"],"_links":{"self":[{"href":"https:\/\/discotecaanaconda.com\/index.php\/wp-json\/wp\/v2\/pages\/147","targetHints":{"allow":["GET"]}}],"collection":[{"href":"https:\/\/discotecaanaconda.com\/index.php\/wp-json\/wp\/v2\/pages"}],"about":[{"href":"https:\/\/discotecaanaconda.com\/index.php\/wp-json\/wp\/v2\/types\/page"}],"author":[{"embeddable":true,"href":"https:\/\/discotecaanaconda.com\/index.php\/wp-json\/wp\/v2\/users\/1"}],"replies":[{"embeddable":true,"href":"https:\/\/discotecaanaconda.com\/index.php\/wp-json\/wp\/v2\/comments?post=147"}],"version-history":[{"count":2,"href":"https:\/\/discotecaanaconda.com\/index.php\/wp-json\/wp\/v2\/pages\/147\/revisions"}],"predecessor-version":[{"id":167,"href":"https:\/\/discotecaanaconda.com\/index.php\/wp-json\/wp\/v2\/pages\/147\/revisions\/167"}],"wp:attachment":[{"href":"https:\/\/discotecaanaconda.com\/index.php\/wp-json\/wp\/v2\/media?parent=147"}],"curies":[{"name":"wp","href":"https:\/\/api.w.org\/{rel}","templated":true}]}}