{"id":139,"date":"2022-03-03T17:43:03","date_gmt":"2022-03-03T17:43:03","guid":{"rendered":"https:\/\/discotecaanaconda.com\/?page_id=139"},"modified":"2022-03-03T17:51:06","modified_gmt":"2022-03-03T17:51:06","slug":"reservados","status":"publish","type":"page","link":"https:\/\/discotecaanaconda.com\/index.php\/reservados\/","title":{"rendered":"Reservados"},"content":{"rendered":"<div data-colibri-id=\"139-c1\" class=\"style-413 style-local-139-c1 position-relative\">\n  <!---->\n  <div data-colibri-component=\"section\" data-colibri-id=\"139-c20\" id=\"about\" class=\"h-section h-section-global-spacing d-flex align-items-lg-center align-items-md-center align-items-center style-421 style-local-139-c20 position-relative\">\n    <!---->\n    <!---->\n    <div class=\"h-section-grid-container h-section-boxed-container\">\n      <!---->\n      <div data-colibri-id=\"139-c21\" class=\"h-row-container gutters-row-lg-0 gutters-row-md-0 gutters-row-0 gutters-row-v-lg-0 gutters-row-v-md-0 gutters-row-v-0 style-422 style-local-139-c21 position-relative\">\n        <!---->\n        <div class=\"h-row justify-content-lg-center justify-content-md-center justify-content-center align-items-lg-stretch align-items-md-stretch align-items-stretch gutters-col-lg-0 gutters-col-md-0 gutters-col-0 gutters-col-v-lg-0 gutters-col-v-md-0 gutters-col-v-0\">\n          <!---->\n          <div class=\"h-column h-column-container d-flex h-col-lg-auto h-col-md-auto h-col-auto style-423-outer style-local-139-c22-outer\">\n            <div data-colibri-id=\"139-c22\" class=\"d-flex h-flex-basis h-column__inner h-px-lg-0 h-px-md-0 h-px-0 v-inner-lg-0 v-inner-md-0 v-inner-0 style-423 style-local-139-c22 position-relative\">\n              <!---->\n              <!---->\n              <div class=\"w-100 h-y-container h-column__content h-column__v-align flex-basis-100 align-self-lg-start align-self-md-start align-self-start\">\n                <!---->\n                <div data-colibri-id=\"139-c23\" class=\"h-global-transition-all h-heading style-424 style-local-139-c23 position-relative h-element\">\n                  <!---->\n                  <div class=\"h-heading__outer style-424 style-local-139-c23\">\n                    <!---->\n                    <!---->\n                    <h5 class=\"\">@ANACONDADISCO<\/h5>\n                  <\/div>\n                <\/div>\n                <div data-colibri-id=\"139-c24\" class=\"h-text h-text-component style-425 style-local-139-c24 position-relative h-element\">\n                  <!---->\n                  <!---->\n                  <div class=\"\">\n                    <p>\u00a1Este S\u00c1BADO 5 DE MARZO no te pierdas al chico m\u00e1s guapo de la casa! \u00a1Estar\u00e1 con todos nosotros JAVI TUDELA DESDE GH VIP! ENTRADA PARA MAYORES DE 18 A\u00d1OS (Nacidos en 1998 inclusive y mayores)<\/p>\n                    <p>SESI\u00d3N DE TARDE (18.30h a 23.00h) +18: -Entrada en taquilla con copa o 2 refrescos 8\u20ac -Presentando flyer en taquilla hasta las 20.00h, descuento de 1\u20ac en tu entrada (se te queda en 7\u20ac). Incluye copa o 2 refrescos.<\/p>\n                    <p>SESI\u00d3N DE NOCHE (00.30h a 06.00h) +18<\/p>\n                  <\/div>\n                <\/div>\n              <\/div>\n            <\/div>\n          <\/div>\n          <div class=\"h-column h-column-container d-flex h-col-lg-auto h-col-md-auto h-col-auto style-426-outer style-local-139-c25-outer\">\n            <div data-colibri-id=\"139-c25\" class=\"d-flex h-flex-basis h-column__inner h-ui-empty-state-container h-px-lg-2 h-px-md-2 h-px-2 v-inner-lg-2 v-inner-md-2 v-inner-2 style-426 style-local-139-c25 position-relative\">\n              <!---->\n              <!---->\n              <div class=\"w-100 h-y-container h-column__content h-column__v-align flex-basis-100\">\n                <!---->\n              <\/div>\n            <\/div>\n          <\/div>\n        <\/div>\n      <\/div>\n    <\/div>\n  <\/div>\n<\/div>","protected":false},"excerpt":{"rendered":"<p>@ANACONDADISCO \u00a1Este S\u00c1BADO 5 DE MARZO no te pierdas al chico m\u00e1s guapo de la casa! \u00a1Estar\u00e1 con todos nosotros JAVI TUDELA DESDE GH VIP! ENTRADA PARA MAYORES DE 18 A\u00d1OS (Nacidos en 1998 inclusive y mayores) SESI\u00d3N DE TARDE (18.30h a 23.00h) +18: -Entrada en taquilla con copa o 2 refrescos 8\u20ac -Presentando flyer [&hellip;]<\/p>\n","protected":false},"author":1,"featured_media":0,"parent":0,"menu_order":0,"comment_status":"closed","ping_status":"closed","template":"page-templates\/homepage.php","meta":{"footnotes":""},"class_list":["post-139","page","type-page","status-publish","hentry"],"_links":{"self":[{"href":"https:\/\/discotecaanaconda.com\/index.php\/wp-json\/wp\/v2\/pages\/139","targetHints":{"allow":["GET"]}}],"collection":[{"href":"https:\/\/discotecaanaconda.com\/index.php\/wp-json\/wp\/v2\/pages"}],"about":[{"href":"https:\/\/discotecaanaconda.com\/index.php\/wp-json\/wp\/v2\/types\/page"}],"author":[{"embeddable":true,"href":"https:\/\/discotecaanaconda.com\/index.php\/wp-json\/wp\/v2\/users\/1"}],"replies":[{"embeddable":true,"href":"https:\/\/discotecaanaconda.com\/index.php\/wp-json\/wp\/v2\/comments?post=139"}],"version-history":[{"count":4,"href":"https:\/\/discotecaanaconda.com\/index.php\/wp-json\/wp\/v2\/pages\/139\/revisions"}],"predecessor-version":[{"id":212,"href":"https:\/\/discotecaanaconda.com\/index.php\/wp-json\/wp\/v2\/pages\/139\/revisions\/212"}],"wp:attachment":[{"href":"https:\/\/discotecaanaconda.com\/index.php\/wp-json\/wp\/v2\/media?parent=139"}],"curies":[{"name":"wp","href":"https:\/\/api.w.org\/{rel}","templated":true}]}}